{"id":6337,"date":"2022-07-09T10:40:07","date_gmt":"2022-07-09T10:40:07","guid":{"rendered":"https:\/\/kingsmw.com\/contacto\/"},"modified":"2022-09-28T14:38:28","modified_gmt":"2022-09-28T14:38:28","slug":"contacto","status":"publish","type":"page","link":"https:\/\/kingsmw.com\/es\/contacto\/","title":{"rendered":"Contacto"},"content":{"rendered":"[vc_row type=\u00bbfull_width_content\u00bb full_screen_row_position=\u00bbmiddle\u00bb column_margin=\u00bbdefault\u00bb equal_height=\u00bbyes\u00bb content_placement=\u00bbmiddle\u00bb column_direction=\u00bbdefault\u00bb column_direction_tablet=\u00bbdefault\u00bb column_direction_phone=\u00bbdefault\u00bb scene_position=\u00bbcenter\u00bb text_color=\u00bbdark\u00bb text_align=\u00bbleft\u00bb row_border_radius=\u00bbnone\u00bb row_border_radius_applies=\u00bbbg\u00bb overflow=\u00bbvisible\u00bb overlay_strength=\u00bb0.3&#8243; gradient_direction=\u00bbleft_to_right\u00bb shape_divider_position=\u00bbbottom\u00bb bg_image_animation=\u00bbnone\u00bb][vc_column column_padding=\u00bbpadding-6-percent\u00bb column_padding_tablet=\u00bbinherit\u00bb column_padding_phone=\u00bbinherit\u00bb column_padding_position=\u00bball\u00bb column_element_spacing=\u00bbdefault\u00bb centered_text=\u00bbtrue\u00bb background_color=\u00bb#ffffff\u00bb background_color_opacity=\u00bb1&#8243; background_hover_color_opacity=\u00bb1&#8243; column_shadow=\u00bbnone\u00bb column_border_radius=\u00bbnone\u00bb column_link_target=\u00bb_self\u00bb column_position=\u00bbdefault\u00bb gradient_direction=\u00bbleft_to_right\u00bb overlay_strength=\u00bb0.3&#8243; width=\u00bb1\/3&#8243; tablet_width_inherit=\u00bbdefault\u00bb tablet_text_alignment=\u00bbdefault\u00bb phone_text_alignment=\u00bbdefault\u00bb animation_type=\u00bbdefault\u00bb bg_image_animation=\u00bbnone\u00bb border_type=\u00bbsimple\u00bb column_border_width=\u00bbnone\u00bb column_border_style=\u00bbsolid\u00bb][nectar_icon icon_family=\u00bbiconsmind\u00bb icon_style=\u00bbborder-animation\u00bb icon_border_thickness=\u00bb2px\u00bb icon_color_type=\u00bbcolor_scheme\u00bb icon_color=\u00bbextra-color-gradient-1&#8243; icon_padding=\u00bb15px\u00bb pointer_events=\u00bball\u00bb icon_iconsmind=\u00bbiconsmind-Email\u00bb url=\u00bbmailto:info@kingsmw.com\u00bb margin_bottom=\u00bb10&#8243;][divider line_type=\u00bbNo Line\u00bb custom_height=\u00bb10&#8243;][vc_column_text max_width=\u00bb315&#8243;]\n<h4>Env\u00ede un correo electr\u00f3nico a<\/h4>\n[\/vc_column_text][divider line_type=\u00bbNo Line\u00bb custom_height=\u00bb5&#8243;][vc_column_text max_width=\u00bb350&#8243;]<a href=\"mailto:info@kingsmw.com\">info@kingsmw.com<\/a>[\/vc_column_text][divider line_type=\u00bbNo Line\u00bb custom_height=\u00bb50&#8243;][nectar_icon icon_family=\u00bbfontawesome\u00bb icon_style=\u00bbborder-animation\u00bb icon_border_thickness=\u00bb2px\u00bb icon_color_type=\u00bbcolor_scheme\u00bb icon_color=\u00bbextra-color-gradient-1&#8243; icon_padding=\u00bb25px\u00bb pointer_events=\u00bball\u00bb margin_bottom=\u00bb15&#8243; icon_size=\u00bb40&#8243; url=\u00bbhttps:\/\/t.me\/kingsmastersupport\u00bb icon_fontawesome=\u00bbfa fa-telegram\u00bb][divider line_type=\u00bbNo Line\u00bb custom_height=\u00bb10&#8243;][vc_column_text max_width=\u00bb315&#8243;]\n<h4>Telegrama<\/h4>\n[\/vc_column_text][divider line_type=\u00bbNo Line\u00bb custom_height=\u00bb5&#8243;][vc_column_text max_width=\u00bb350&#8243;]\n<p class=\"p1\"><a href=\"https:\/\/t.me\/kingsmastersupport\" target=\"_blank\" rel=\"noopener\">@kingsmastersupport<\/a><\/p>\n[\/vc_column_text][\/vc_column][vc_column column_padding=\u00bbpadding-10-percent\u00bb column_padding_tablet=\u00bbinherit\u00bb column_padding_phone=\u00bbinherit\u00bb column_padding_position=\u00bball\u00bb column_element_spacing=\u00bbdefault\u00bb centered_text=\u00bbtrue\u00bb background_color=\u00bb#0a0a0a\u00bb background_color_opacity=\u00bb0.6&#8243; background_hover_color_opacity=\u00bb1&#8243; background_image=\u00bb6018&#8243; background_image_position=\u00bbcenter center\u00bb background_image_loading=\u00bbdefault\u00bb font_color=\u00bb#ffffff\u00bb column_shadow=\u00bbnone\u00bb column_border_radius=\u00bbnone\u00bb column_link_target=\u00bb_self\u00bb column_position=\u00bbdefault\u00bb advanced_gradient_angle=\u00bb0&#8243; gradient_direction=\u00bbleft_to_right\u00bb overlay_strength=\u00bb0.3&#8243; width=\u00bb2\/3&#8243; tablet_width_inherit=\u00bbdefault\u00bb tablet_text_alignment=\u00bbdefault\u00bb phone_text_alignment=\u00bbdefault\u00bb animation_type=\u00bbdefault\u00bb bg_image_animation=\u00bbnone\u00bb border_type=\u00bbsimple\u00bb column_border_width=\u00bbnone\u00bb column_border_style=\u00bbsolid\u00bb gradient_type=\u00bbdefault\u00bb][vc_custom_heading text=\u00bbCONTACTE CON NOSOTROS HOY MISMO\u00bb font_container=\u00bbtag:h5|text_align:center|color:%23ffffff\u00bb use_theme_fonts=\u00bbyes\u00bb][vc_custom_heading text=\u00bbObtenga los mejores consejos\u00bb font_container=\u00bbtag:h2|text_align:center|color:%23ffffff\u00bb use_theme_fonts=\u00bbyes\u00bb][divider line_type=\u00bbNo Line\u00bb custom_height=\u00bb20&#8243;][vc_column_text]\n<p style=\"text-align: center;\">Consejos inteligentes, precisos y din\u00e1micos que cambiar\u00e1n tu forma de disfrutar del deporte. \u00danete a nuestra comunidad de telegram para recibir las \u00faltimas noticias de las pr\u00f3ximas competiciones y partidos de baloncesto, f\u00fatbol y dardos.<\/p>\n[\/vc_column_text][\/vc_column][\/vc_row]\n","protected":false},"excerpt":{"rendered":"<p>[vc_row type=\u00bbfull_width_content\u00bb full_screen_row_position=\u00bbmiddle\u00bb column_margin=\u00bbdefault\u00bb equal_height=\u00bbyes\u00bb content_placement=\u00bbmiddle\u00bb column_direction=\u00bbdefault\u00bb column_direction_tablet=\u00bbdefault\u00bb column_direction_phone=\u00bbdefault\u00bb scene_position=\u00bbcenter\u00bb text_color=\u00bbdark\u00bb text_align=\u00bbleft\u00bb row_border_radius=\u00bbnone\u00bb row_border_radius_applies=\u00bbbg\u00bb overflow=\u00bbvisible\u00bb overlay_strength=\u00bb0.3&#8243; gradient_direction=\u00bbleft_to_right\u00bb shape_divider_position=\u00bbbottom\u00bb bg_image_animation=\u00bbnone\u00bb][vc_column column_padding=\u00bbpadding-6-percent\u00bb column_padding_tablet=\u00bbinherit\u00bb column_padding_phone=\u00bbinherit\u00bb column_padding_position=\u00bball\u00bb column_element_spacing=\u00bbdefault\u00bb centered_text=\u00bbtrue\u00bb background_color=\u00bb#ffffff\u00bb background_color_opacity=\u00bb1&#8243; background_hover_color_opacity=\u00bb1&#8243; column_shadow=\u00bbnone\u00bb column_border_radius=\u00bbnone\u00bb&#8230;<\/p>\n","protected":false},"author":1,"featured_media":0,"parent":0,"menu_order":0,"comment_status":"closed","ping_status":"closed","template":"","meta":{"om_disable_all_campaigns":false,"_monsterinsights_skip_tracking":false,"_monsterinsights_sitenote_active":false,"_monsterinsights_sitenote_note":"","_monsterinsights_sitenote_category":0,"footnotes":""},"class_list":["post-6337","page","type-page","status-publish"],"aioseo_notices":[],"_links":{"self":[{"href":"https:\/\/kingsmw.com\/es\/wp-json\/wp\/v2\/pages\/6337","targetHints":{"allow":["GET"]}}],"collection":[{"href":"https:\/\/kingsmw.com\/es\/wp-json\/wp\/v2\/pages"}],"about":[{"href":"https:\/\/kingsmw.com\/es\/wp-json\/wp\/v2\/types\/page"}],"author":[{"embeddable":true,"href":"https:\/\/kingsmw.com\/es\/wp-json\/wp\/v2\/users\/1"}],"replies":[{"embeddable":true,"href":"https:\/\/kingsmw.com\/es\/wp-json\/wp\/v2\/comments?post=6337"}],"version-history":[{"count":2,"href":"https:\/\/kingsmw.com\/es\/wp-json\/wp\/v2\/pages\/6337\/revisions"}],"predecessor-version":[{"id":6345,"href":"https:\/\/kingsmw.com\/es\/wp-json\/wp\/v2\/pages\/6337\/revisions\/6345"}],"wp:attachment":[{"href":"https:\/\/kingsmw.com\/es\/wp-json\/wp\/v2\/media?parent=6337"}],"curies":[{"name":"wp","href":"https:\/\/api.w.org\/{rel}","templated":true}]}}