{"id":6436,"date":"2022-07-09T11:16:46","date_gmt":"2022-07-09T11:16:46","guid":{"rendered":"https:\/\/kingsmw.com\/terminos-y-condiciones\/"},"modified":"2022-09-28T15:23:57","modified_gmt":"2022-09-28T15:23:57","slug":"terminos-y-condiciones","status":"publish","type":"page","link":"https:\/\/kingsmw.com\/es\/terminos-y-condiciones\/","title":{"rendered":"T\u00e9rminos y condiciones"},"content":{"rendered":"[vc_row type=\u00bbin_container\u00bb full_screen_row_position=\u00bbmiddle\u00bb column_margin=\u00bbdefault\u00bb column_direction=\u00bbdefault\u00bb column_direction_tablet=\u00bbdefault\u00bb column_direction_phone=\u00bbdefault\u00bb scene_position=\u00bbcenter\u00bb text_color=\u00bbdark\u00bb text_align=\u00bbleft\u00bb row_border_radius=\u00bbnone\u00bb row_border_radius_applies=\u00bbbg\u00bb overflow=\u00bbvisible\u00bb overlay_strength=\u00bb0.3&#8243; gradient_direction=\u00bbleft_to_right\u00bb shape_divider_position=\u00bbbottom\u00bb bg_image_animation=\u00bbnone\u00bb][vc_column column_padding=\u00bbno-extra-padding\u00bb column_padding_tablet=\u00bbinherit\u00bb column_padding_phone=\u00bbinherit\u00bb column_padding_position=\u00bball\u00bb column_element_spacing=\u00bbdefault\u00bb background_color_opacity=\u00bb1&#8243; background_hover_color_opacity=\u00bb1&#8243; column_shadow=\u00bbnone\u00bb column_border_radius=\u00bbnone\u00bb column_link_target=\u00bb_self\u00bb column_position=\u00bbdefault\u00bb gradient_direction=\u00bbleft_to_right\u00bb overlay_strength=\u00bb0.3&#8243; width=\u00bb1\/1&#8243; tablet_width_inherit=\u00bbdefault\u00bb tablet_text_alignment=\u00bbdefault\u00bb phone_text_alignment=\u00bbdefault\u00bb animation_type=\u00bbdefault\u00bb bg_image_animation=\u00bbnone\u00bb border_type=\u00bbsimple\u00bb column_border_width=\u00bbnone\u00bb column_border_style=\u00bbsolid\u00bb][vc_column_text]Grupo de Telegramas Premium<\/p>\n<p>Normas \/\/ Cobertura legal<\/p>\n<p>La inscripci\u00f3n en KMW es una indicaci\u00f3n autom\u00e1tica de que entiendes, aceptas y has le\u00eddo los T&amp;C de ser parte de KMW.<\/p>\n<p>KMW no es una asesor\u00eda legal\/financiera<\/p>\n<p>Cualquier ganancia o p\u00e9rdida no es el resultado directo de que un miembro siga los consejos de KMW. KMW no se responsabiliza de ninguna p\u00e9rdida de ingresos, deudas, pr\u00e9stamos o cosas que se negocien o vendan para apostar.<\/p>\n<p>KMW no es un consejo de juego\/apuesta.<\/p>\n<p>The tipster &amp; co KMW no son responsables legal, moral o financieramente de la participaci\u00f3n de cualquiera de sus miembros en el juego, la decisi\u00f3n de apostar o la participaci\u00f3n en el juego.<\/p>\n<p>Los fundadores de KMW no se benefician econ\u00f3micamente de NINGUNA empresa promocionada de juegos de azar\/apuestas alojadas &#8211; es decir, 365\/<\/p>\n<p>Aunque los miembros pueden utilizar sitios muy populares, como haberlos visto en el grupo de telegrama, KWM no est\u00e1 asociado profesionalmente, ni gana econ\u00f3micamente de sus miembros apostando, tomando consejos, o siguiendo las apuestas en las plataformas (como son las probabilidades) como se comparte en el grupo.<\/p>\n<p>Tampoco es responsable econ\u00f3micamente de las p\u00e9rdidas que pueda sufrir un socio en cualquiera de las plataformas mencionadas por KMW<\/p>\n<p>Por favor, apueste con responsabilidad<\/p>\n<p>No se permite la entrada de jugadores menores de 21 a\u00f1os en el canal de suscripci\u00f3n. Cualquier persona que sea vista promoviendo\/compartiendo o animando a los miembros menores de 21 a\u00f1os a apostar ser\u00e1 inmediatamente eliminada del grupo.<\/p>\n<p>Si tiene problemas, busque asesoramiento profesional.<\/p>\n<p>http:\/\/www.begambleaware.org<\/p>\n<p>KMW no est\u00e1 asociada a ning\u00fan equipo\/entrenador\/liga profesional.<\/p>\n<p>Todos los consejos\/apuestas mencionados en el grupo son puramente desde un lugar de experiencia y conocimiento, amor y an\u00e1lisis de los deportes. KMW no est\u00e1 asociada a ning\u00fan equipo profesional ni se beneficia econ\u00f3micamente de las victorias\/perdidas de partidos espec\u00edficos, fuera de las ganancias financieras de sus propios consejos.<\/p>\n<p>Las apuestas deportivas son para divertirse. No apuestes nunca por encima de tus posibilidades\/apuesta por todo lo que puedas\/sigue los consejos de una persona concreta. Cuando se acaba la diversi\u00f3n. Para.<\/p>\n<p>General\/\/ FAQ&#8217;s<\/p>\n<p>\u00bfCu\u00e1ntas propinas puedo esperar a la semana?<\/p>\n<p>Nuestro grupo premium tiene una media de 4-5 consejos de calidad a la semana. Hasta 25 al mes. Algunas semanas pueden tener m\u00e1s y otras menos.<\/p>\n<p>Nuestros canales reales tienen una media de un m\u00ednimo de 50 propinas al mes. Algunos d\u00edas tendr\u00e1n m\u00e1s o menos que otros.<\/p>\n<p>Despu\u00e9s de haber pagado la suscripci\u00f3n, \u00bfc\u00f3mo me uno?<\/p>\n<p>Recibir\u00e1s un correo electr\u00f3nico a la direcci\u00f3n que hayas indicado al pagar, una vez que tu solicitud haya sido aceptada, recibir\u00e1s un enlace a nuestro telegrama privado y solicitar\u00e1s tu nombre de usuario de telegrama para que nuestro administrador pueda dejarte entrar.<\/p>\n<p>Por favor, aseg\u00farese de escribir el correo electr\u00f3nico correcto en el momento del pago\/ y su nombre de usuario de telegram.<\/p>\n<p>\u00bfSe me recordar\u00e1 antes de que finalice mi prueba gratuita?<\/p>\n<p>\u00a1S\u00ed! Recibir\u00e1s un mensaje de telegrama y un correo electr\u00f3nico el d\u00eda anterior y el d\u00eda posterior a tu \u00faltimo d\u00eda de prueba. No guardamos los datos de la tarjeta, por lo que no te cobraremos autom\u00e1ticamente el mes, s\u00f3lo ser\u00e1s eliminado del grupo de telegramas, si te olvidas de pagar\/responder\/ya no quieres continuar.<br \/>\nAseg\u00farate de guardar kingsmastersworld@gmail.com en los contactos de tu buz\u00f3n.<\/p>\n<p>Estoy confundido acerca de la estrategia de apuestas \u00bfpuedo recibir alg\u00fan consejo?<\/p>\n<p>Por supuesto, una vez que te hayas inscrito tambi\u00e9n se te dar\u00e1 un n\u00famero de telegrama\/nombre con el que podr\u00e1s contactar en cualquier momento para obtener apoyo\/\/ soporte t\u00e9cnico para colocar, apostar o cualquier otro problema que puedas tener.<\/p>\n<p>Tambi\u00e9n puede enviarnos un correo electr\u00f3nico en cualquier momento, o hablar con sus compa\u00f1eros en nuestra sala de chat abierta.<br \/>\n[\/vc_column_text][\/vc_column][\/vc_row]\n","protected":false},"excerpt":{"rendered":"<p>[vc_row type=\u00bbin_container\u00bb full_screen_row_position=\u00bbmiddle\u00bb column_margin=\u00bbdefault\u00bb column_direction=\u00bbdefault\u00bb column_direction_tablet=\u00bbdefault\u00bb column_direction_phone=\u00bbdefault\u00bb scene_position=\u00bbcenter\u00bb text_color=\u00bbdark\u00bb text_align=\u00bbleft\u00bb row_border_radius=\u00bbnone\u00bb row_border_radius_applies=\u00bbbg\u00bb overflow=\u00bbvisible\u00bb overlay_strength=\u00bb0.3&#8243; gradient_direction=\u00bbleft_to_right\u00bb shape_divider_position=\u00bbbottom\u00bb bg_image_animation=\u00bbnone\u00bb][vc_column column_padding=\u00bbno-extra-padding\u00bb column_padding_tablet=\u00bbinherit\u00bb column_padding_phone=\u00bbinherit\u00bb column_padding_position=\u00bball\u00bb column_element_spacing=\u00bbdefault\u00bb background_color_opacity=\u00bb1&#8243; background_hover_color_opacity=\u00bb1&#8243; column_shadow=\u00bbnone\u00bb column_border_radius=\u00bbnone\u00bb column_link_target=\u00bb_self\u00bb column_position=\u00bbdefault\u00bb gradient_direction=\u00bbleft_to_right\u00bb overlay_strength=\u00bb0.3&#8243;&#8230;<\/p>\n","protected":false},"author":1,"featured_media":0,"parent":0,"menu_order":0,"comment_status":"closed","ping_status":"closed","template":"","meta":{"om_disable_all_campaigns":false,"_monsterinsights_skip_tracking":false,"_monsterinsights_sitenote_active":false,"_monsterinsights_sitenote_note":"","_monsterinsights_sitenote_category":0,"footnotes":""},"class_list":["post-6436","page","type-page","status-publish"],"aioseo_notices":[],"_links":{"self":[{"href":"https:\/\/kingsmw.com\/es\/wp-json\/wp\/v2\/pages\/6436","targetHints":{"allow":["GET"]}}],"collection":[{"href":"https:\/\/kingsmw.com\/es\/wp-json\/wp\/v2\/pages"}],"about":[{"href":"https:\/\/kingsmw.com\/es\/wp-json\/wp\/v2\/types\/page"}],"author":[{"embeddable":true,"href":"https:\/\/kingsmw.com\/es\/wp-json\/wp\/v2\/users\/1"}],"replies":[{"embeddable":true,"href":"https:\/\/kingsmw.com\/es\/wp-json\/wp\/v2\/comments?post=6436"}],"version-history":[{"count":2,"href":"https:\/\/kingsmw.com\/es\/wp-json\/wp\/v2\/pages\/6436\/revisions"}],"predecessor-version":[{"id":6443,"href":"https:\/\/kingsmw.com\/es\/wp-json\/wp\/v2\/pages\/6436\/revisions\/6443"}],"wp:attachment":[{"href":"https:\/\/kingsmw.com\/es\/wp-json\/wp\/v2\/media?parent=6436"}],"curies":[{"name":"wp","href":"https:\/\/api.w.org\/{rel}","templated":true}]}}