{"id":6445,"date":"2022-07-09T11:16:46","date_gmt":"2022-07-09T11:16:46","guid":{"rendered":"https:\/\/kingsmw.com\/termes-et-conditions\/"},"modified":"2022-09-28T15:23:58","modified_gmt":"2022-09-28T15:23:58","slug":"termes-et-conditions","status":"publish","type":"page","link":"https:\/\/kingsmw.com\/fr\/termes-et-conditions\/","title":{"rendered":"Termes et conditions"},"content":{"rendered":"[vc_row type=\u00a0\u00bbin_container\u00a0\u00bb full_screen_row_position=\u00a0\u00bbmiddle\u00a0\u00bb column_margin=\u00a0\u00bbdefault\u00a0\u00bb column_direction=\u00a0\u00bbdefault\u00a0\u00bb column_direction_tablet=\u00a0\u00bbdefault\u00a0\u00bb column_direction_phone=\u00a0\u00bbdefault\u00a0\u00bb scene_position=\u00a0\u00bbcenter\u00a0\u00bb text_color=\u00a0\u00bbdark\u00a0\u00bb text_align=\u00a0\u00bbleft\u00a0\u00bb row_border_radius=\u00a0\u00bbnone\u00a0\u00bb row_border_radius_applies=\u00a0\u00bbbg\u00a0\u00bb overflow=\u00a0\u00bbvisible\u00a0\u00bb overlay_strength=\u00a0\u00bb0.3&Prime; gradient_direction=\u00a0\u00bbleft_to_right\u00a0\u00bb shape_divider_position=\u00a0\u00bbbottom\u00a0\u00bb bg_image_animation=\u00a0\u00bbnone\u00a0\u00bb][vc_column column_padding=\u00a0\u00bbno-extra-padding\u00a0\u00bb column_padding_tablet=\u00a0\u00bbinherit\u00a0\u00bb column_padding_phone=\u00a0\u00bbinherit\u00a0\u00bb column_padding_position=\u00a0\u00bball\u00a0\u00bb column_element_spacing=\u00a0\u00bbdefault\u00a0\u00bb background_color_opacity=\u00a0\u00bb1&Prime; background_hover_color_opacity=\u00a0\u00bb1&Prime; column_shadow=\u00a0\u00bbnone\u00a0\u00bb column_border_radius=\u00a0\u00bbnone\u00a0\u00bb column_link_target=\u00a0\u00bb_self\u00a0\u00bb column_position=\u00a0\u00bbdefault\u00a0\u00bb gradient_direction=\u00a0\u00bbleft_to_right\u00a0\u00bb overlay_strength=\u00a0\u00bb0.3&Prime; width=\u00a0\u00bb1\/1&Prime; tablet_width_inherit=\u00a0\u00bbdefault\u00a0\u00bb tablet_text_alignment=\u00a0\u00bbdefault\u00a0\u00bb phone_text_alignment=\u00a0\u00bbdefault\u00a0\u00bb animation_type=\u00a0\u00bbdefault\u00a0\u00bb bg_image_animation=\u00a0\u00bbnone\u00a0\u00bb border_type=\u00a0\u00bbsimple\u00a0\u00bb column_border_width=\u00a0\u00bbnone\u00a0\u00bb column_border_style=\u00a0\u00bbsolid\u00a0\u00bb][vc_column_text]Groupe Premium Telegram<\/p>\n<p>R\u00e8gles \/\/ Couverture juridique<\/p>\n<p>En vous inscrivant \u00e0 KMW, vous indiquez automatiquement que vous comprenez, acceptez et avez lu les conditions g\u00e9n\u00e9rales d&rsquo;adh\u00e9sion \u00e0 KMW.<\/p>\n<p>KMW n&rsquo;est pas un conseil juridique\/financier<\/p>\n<p>Les gains ou les pertes ne sont pas le r\u00e9sultat direct du fait qu&rsquo;un membre suit les conseils de KMW. KMW n&rsquo;est pas responsable de toute perte de revenus, de dettes, de pr\u00eats ou d&rsquo;objets \u00e9chang\u00e9s ou vendus dans le but de jouer.<\/p>\n<p>KMW n&rsquo;est pas un conseil sur les jeux d&rsquo;argent et les paris.<\/p>\n<p>The tipster &amp; co KMW ne sont pas l\u00e9galement, moralement ou financi\u00e8rement responsables de la participation de l&rsquo;un de ses membres \u00e0 des jeux d&rsquo;argent, de la d\u00e9cision de jouer ou de la participation \u00e0 des jeux d&rsquo;argent.<\/p>\n<p>Les fondateurs de KMW ne b\u00e9n\u00e9ficient financi\u00e8rement d&rsquo;AUCUNE soci\u00e9t\u00e9 h\u00e9bergeant des jeux d&rsquo;argent ou des paris &#8211; c&rsquo;est-\u00e0-dire 365\/.<\/p>\n<p>Bien que les membres puissent utiliser des sites tr\u00e8s populaires, comme ils l&rsquo;ont vu sur le groupe t\u00e9l\u00e9gramme, KWM n&rsquo;est pas associ\u00e9 professionnellement, et ne tire aucun profit financier des jeux d&rsquo;argent, des conseils ou des paris de ses membres sur les plateformes (comme les cotes) partag\u00e9s sur le groupe.<\/p>\n<p>Elle n&rsquo;est pas non plus financi\u00e8rement responsable des pertes qu&rsquo;un membre pourrait subir sur l&rsquo;une des plateformes mentionn\u00e9es par KMW.<\/p>\n<p>Veuillez jouer de mani\u00e8re responsable<\/p>\n<p>Aucun joueur \u00e2g\u00e9 de moins de 21 ans n&rsquo;est autoris\u00e9 \u00e0 entrer dans la cha\u00eene d&rsquo;abonnement. Toute personne vue en train de promouvoir\/partager ou d&rsquo;encourager les membres de moins de 21 ans \u00e0 jouer sera imm\u00e9diatement retir\u00e9e du groupe.<\/p>\n<p>Si vous avez des difficult\u00e9s, demandez conseil \u00e0 un professionnel.<\/p>\n<p>http:\/\/www.begambleaware.org<\/p>\n<p>KMW n&rsquo;est pas associ\u00e9 \u00e0 une \u00e9quipe professionnelle, un entra\u00eeneur ou une ligue.<\/p>\n<p>Toutes les astuces \/ conseils \/ paris mentionn\u00e9s dans le groupe sont purement issus d&rsquo;un lieu d&rsquo;exp\u00e9rience et de connaissance, d&rsquo;amour et d&rsquo;analyse des sports. KMW n&rsquo;est associ\u00e9 \u00e0 aucune \u00e9quipe professionnelle et ne tire aucun b\u00e9n\u00e9fice financier des gains ou des pertes de rencontres sp\u00e9cifiques, en dehors des gains financiers de ses propres conseils.<\/p>\n<p>Les paris sportifs sont pour le plaisir. Ne pariez jamais au-del\u00e0 de vos moyens, ne faites pas de folies et ne suivez pas les conseils d&rsquo;une personne en particulier. Quand le plaisir s&rsquo;arr\u00eate. Stop.<\/p>\n<p>G\u00e9n\u00e9ral\/\/ FAQ&rsquo;s<\/p>\n<p>Combien de pourboires puis-je attendre d&rsquo;une semaine \u00e0 l&rsquo;autre ?<\/p>\n<p>Notre groupe premium re\u00e7oit en moyenne 4 \u00e0 5 conseils de qualit\u00e9 par semaine. Jusqu&rsquo;\u00e0 25 par mois. Certaines semaines peuvent en avoir plus, d&rsquo;autres moins.<\/p>\n<p>Nos cha\u00eenes royales enregistrent en moyenne un minimum de 50 pourboires par mois. Certains jours, il y en aura plus ou moins que d&rsquo;autres.<\/p>\n<p>Une fois que j&rsquo;ai pay\u00e9 l&rsquo;abonnement, comment puis-je m&rsquo;inscrire ?<\/p>\n<p>Vous recevrez un email \u00e0 l&rsquo;adresse que vous avez indiqu\u00e9e lors du paiement, une fois que votre candidature aura \u00e9t\u00e9 accept\u00e9e, vous recevrez un lien vers notre t\u00e9l\u00e9gramme priv\u00e9 et demanderez votre nom d&rsquo;utilisateur t\u00e9l\u00e9gramme afin que notre administrateur puisse vous laisser entrer.<\/p>\n<p>Assurez-vous d&rsquo;\u00e9crire l&#8217;email correct lors du paiement\/ et votre nom d&rsquo;utilisateur t\u00e9l\u00e9gramme.<\/p>\n<p>Recevrai-je un rappel avant la fin de mon essai gratuit ?<\/p>\n<p>Oui ! Vous recevrez un message par t\u00e9l\u00e9gramme et un courriel la veille et le lendemain de votre dernier jour d&rsquo;essai. Nous n&rsquo;enregistrons pas les d\u00e9tails de votre carte de cr\u00e9dit, donc nous ne vous facturerons pas automatiquement pour le mois. Vous serez simplement retir\u00e9 du groupe t\u00e9l\u00e9gramme, si vous oubliez de payer\/r\u00e9pondre\/ne voulez plus continuer.<br \/>\nAssurez-vous d&rsquo;enregistrer kingsmastersworld@gmail.com dans vos contacts de messagerie !<\/p>\n<p>Je suis confus quant \u00e0 la strat\u00e9gie de pari, puis-je avoir des conseils ?<\/p>\n<p>Bien entendu, une fois que vous vous serez inscrit, vous recevrez \u00e9galement un num\u00e9ro de t\u00e9l\u00e9gramme\/un nom que vous pourrez contacter \u00e0 tout moment pour obtenir de l&rsquo;aide\/un soutien technique pour le placement, le jalonnement ou tout autre probl\u00e8me que vous pourriez rencontrer.<\/p>\n<p>Vous pouvez \u00e9galement nous envoyer un courriel \u00e0 tout moment, ou discuter avec d&rsquo;autres membres dans notre salon de discussion ouvert.<br \/>\n[\/vc_column_text][\/vc_column][\/vc_row]\n","protected":false},"excerpt":{"rendered":"<p>[vc_row type=\u00a0\u00bbin_container\u00a0\u00bb full_screen_row_position=\u00a0\u00bbmiddle\u00a0\u00bb column_margin=\u00a0\u00bbdefault\u00a0\u00bb column_direction=\u00a0\u00bbdefault\u00a0\u00bb column_direction_tablet=\u00a0\u00bbdefault\u00a0\u00bb column_direction_phone=\u00a0\u00bbdefault\u00a0\u00bb scene_position=\u00a0\u00bbcenter\u00a0\u00bb text_color=\u00a0\u00bbdark\u00a0\u00bb text_align=\u00a0\u00bbleft\u00a0\u00bb row_border_radius=\u00a0\u00bbnone\u00a0\u00bb row_border_radius_applies=\u00a0\u00bbbg\u00a0\u00bb overflow=\u00a0\u00bbvisible\u00a0\u00bb overlay_strength=\u00a0\u00bb0.3&Prime; gradient_direction=\u00a0\u00bbleft_to_right\u00a0\u00bb shape_divider_position=\u00a0\u00bbbottom\u00a0\u00bb bg_image_animation=\u00a0\u00bbnone\u00a0\u00bb][vc_column column_padding=\u00a0\u00bbno-extra-padding\u00a0\u00bb column_padding_tablet=\u00a0\u00bbinherit\u00a0\u00bb column_padding_phone=\u00a0\u00bbinherit\u00a0\u00bb column_padding_position=\u00a0\u00bball\u00a0\u00bb column_element_spacing=\u00a0\u00bbdefault\u00a0\u00bb background_color_opacity=\u00a0\u00bb1&Prime; background_hover_color_opacity=\u00a0\u00bb1&Prime; column_shadow=\u00a0\u00bbnone\u00a0\u00bb column_border_radius=\u00a0\u00bbnone\u00a0\u00bb column_link_target=\u00a0\u00bb_self\u00a0\u00bb column_position=\u00a0\u00bbdefault\u00a0\u00bb gradient_direction=\u00a0\u00bbleft_to_right\u00a0\u00bb overlay_strength=\u00a0\u00bb0.3&Prime;&#8230;<\/p>\n","protected":false},"author":1,"featured_media":0,"parent":0,"menu_order":0,"comment_status":"closed","ping_status":"closed","template":"","meta":{"om_disable_all_campaigns":false,"_monsterinsights_skip_tracking":false,"_monsterinsights_sitenote_active":false,"_monsterinsights_sitenote_note":"","_monsterinsights_sitenote_category":0,"footnotes":""},"class_list":["post-6445","page","type-page","status-publish"],"aioseo_notices":[],"_links":{"self":[{"href":"https:\/\/kingsmw.com\/fr\/wp-json\/wp\/v2\/pages\/6445","targetHints":{"allow":["GET"]}}],"collection":[{"href":"https:\/\/kingsmw.com\/fr\/wp-json\/wp\/v2\/pages"}],"about":[{"href":"https:\/\/kingsmw.com\/fr\/wp-json\/wp\/v2\/types\/page"}],"author":[{"embeddable":true,"href":"https:\/\/kingsmw.com\/fr\/wp-json\/wp\/v2\/users\/1"}],"replies":[{"embeddable":true,"href":"https:\/\/kingsmw.com\/fr\/wp-json\/wp\/v2\/comments?post=6445"}],"version-history":[{"count":2,"href":"https:\/\/kingsmw.com\/fr\/wp-json\/wp\/v2\/pages\/6445\/revisions"}],"predecessor-version":[{"id":6452,"href":"https:\/\/kingsmw.com\/fr\/wp-json\/wp\/v2\/pages\/6445\/revisions\/6452"}],"wp:attachment":[{"href":"https:\/\/kingsmw.com\/fr\/wp-json\/wp\/v2\/media?parent=6445"}],"curies":[{"name":"wp","href":"https:\/\/api.w.org\/{rel}","templated":true}]}}